{"id":88,"date":"2023-11-22T11:20:24","date_gmt":"2023-11-22T11:20:24","guid":{"rendered":"https:\/\/demo.bosathemes.com\/bosa\/event-conference\/?page_id=262"},"modified":"2024-05-06T13:52:59","modified_gmt":"2024-05-06T11:52:59","slug":"o-kongresie","status":"publish","type":"page","link":"https:\/\/cpr.uek.krakow.pl\/kongres2024\/o-kongresie\/","title":{"rendered":"About us"},"content":{"rendered":"\t\t<div data-elementor-type=\"wp-page\" data-elementor-id=\"88\" class=\"elementor elementor-88\">\n\t\t\t\t<div class=\"elementor-element elementor-element-7d062b5 e-flex e-con-boxed e-con e-parent\" data-id=\"7d062b5\" data-element_type=\"container\" data-settings=\"{&quot;background_background&quot;:&quot;classic&quot;}\">\n\t\t\t\t\t<div class=\"e-con-inner\">\n\t\t\t\t<div class=\"elementor-element elementor-element-fd11876 elementor-widget elementor-widget-elementskit-heading\" data-id=\"fd11876\" data-element_type=\"widget\" data-widget_type=\"elementskit-heading.default\">\n\t\t\t\t<div class=\"elementor-widget-container\">\n\t\t\t\t\t<div class=\"ekit-wid-con\" ><div class=\"ekit-heading elementskit-section-title-wraper text_center   ekit_heading_tablet-text_center   ekit_heading_mobile-\"><h2 class=\"ekit-heading--title elementskit-section-title \">O Kongresie<\/h2><\/div><\/div>\t\t\t\t<\/div>\n\t\t\t\t<\/div>\n\t\t\t\t\t<\/div>\n\t\t\t\t<\/div>\n\t\t<div class=\"elementor-element elementor-element-921e6ef e-flex e-con-boxed e-con e-parent\" data-id=\"921e6ef\" data-element_type=\"container\">\n\t\t\t\t\t<div class=\"e-con-inner\">\n\t\t<div class=\"elementor-element elementor-element-fea56be e-flex e-con-boxed e-con e-child\" data-id=\"fea56be\" data-element_type=\"container\">\n\t\t\t\t\t<div class=\"e-con-inner\">\n\t\t<div class=\"elementor-element elementor-element-77bbe3b e-con-full e-flex e-con e-child\" data-id=\"77bbe3b\" data-element_type=\"container\">\n\t\t\t\t<div class=\"elementor-element elementor-element-d1bd7a0 elementor-widget elementor-widget-elementskit-heading\" data-id=\"d1bd7a0\" data-element_type=\"widget\" data-widget_type=\"elementskit-heading.default\">\n\t\t\t\t<div class=\"elementor-widget-container\">\n\t\t\t\t\t<div class=\"ekit-wid-con\" ><div class=\"ekit-heading elementskit-section-title-wraper text_left   ekit_heading_tablet-   ekit_heading_mobile-\"><h2 class=\"ekit-heading--title elementskit-section-title \">Cel <span><span>Kongresu<\/span><\/span><\/h2>\t\t\t\t<div class='ekit-heading__description'>\n\t\t\t\t\t<p>Celem Kongresu jest podj\u0119cie dyskusji na temat aktualnego stanu i perspektyw rozwoju firm rodzinnych ze szczeg\u00f3lnym uwzgl\u0119dnieniem kluczowych wyzwa\u0144 zwi\u0105zanych z planowaniem sukcesji. Kongres Przedsi\u0119biorstw Rodzinnych stanowi nie tylko platform\u0119 do wymiany do\u015bwiadcze\u0144 i wiedzy na temat obecnego stanu oraz przysz\u0142o\u015bci firm rodzinnych, lecz tak\u017ce umo\u017cliwia uczestnikom lepsze zrozumienie trend\u00f3w rynkowych, co jest kluczowe dla d\u0142ugoterminowego sukcesu i stabilno\u015bci tych przedsi\u0119biorstw.<\/p>\n<p>Jednym z wyzwa\u0144 dla firm rodzinnych jest planowanie procesu sukcesji. Nieprawid\u0142owe zarz\u0105dzanie tym procesem mo\u017ce prowadzi\u0107 do konflikt\u00f3w wewn\u0119trznych, a nawet upadku firmy. Kongres pozwala na zapoznanie si\u0119 z najlepszymi praktykami i strategiami, kt\u00f3re mog\u0105 pom\u00f3c w p\u0142ynnym przekazywaniu w\u0142adzy na kolejne pokolenia. Udzia\u0142 specjalist\u00f3w i ekspert\u00f3w gwarantuje dost\u0119p do naukowych i praktycznych aspekt\u00f3w zarz\u0105dzania i rozwoju firm rodzinnych. Kongres jest tak\u017ce okazj\u0105 do nawi\u0105zania kontakt\u00f3w biznesowych z innymi przedsi\u0119biorcami rodzinnymi, co mo\u017ce prowadzi\u0107 do wsp\u00f3\u0142pracy, wymiany do\u015bwiadcze\u0144 oraz odkrycia nowych mo\u017cliwo\u015bci rozwoju.<\/p>\n<p>Zakres tematyczny II Kongresu Przedsi\u0119biorstw Rodzinnych obejmuje praktyczne zagadnienia, dotycz\u0105ce nie tylko zarz\u0105dzania sukcesj\u0105 w firmach rodzinnych, ale tak\u017ce szeroko poj\u0119tej problematyki zwi\u0105zanej z rozwojem i funkcjonowaniem tych przedsi\u0119biorstw.<\/p>\n\t\t\t\t<\/div>\n\t\t\t<\/div><\/div>\t\t\t\t<\/div>\n\t\t\t\t<\/div>\n\t\t\t\t<\/div>\n\t\t<div class=\"elementor-element elementor-element-9a385a2 e-con-full e-flex e-con e-child\" data-id=\"9a385a2\" data-element_type=\"container\">\n\t\t\t\t<div class=\"elementor-element elementor-element-31531e5 elementor-widget elementor-widget-text-editor\" data-id=\"31531e5\" data-element_type=\"widget\" data-widget_type=\"text-editor.default\">\n\t\t\t\t<div class=\"elementor-widget-container\">\n\t\t\t\t\t\t\t\t\t<p>Kongres przyczyni si\u0119 do przeprowadzenia debaty, kt\u00f3rej wyniki b\u0119d\u0105 mog\u0142y by\u0107 wykorzystane w rozwi\u0105zywaniu wsp\u00f3\u0142czesnych problem\u00f3w dotycz\u0105cych sukcesji w firmach rodzinnych oraz wspierania przedsi\u0119biorczo\u015bci rodzinnej.<\/p><p>Podczas Kongresu zorganizowane zostan\u0105 liczne sesje panelowe dla firm rodzinnych, prawnik\u00f3w, naukowc\u00f3w i innych zainteresowanych t\u0105 tematyk\u0105.<\/p>\t\t\t\t\t\t\t\t<\/div>\n\t\t\t\t<\/div>\n\t\t\t\t<div class=\"elementor-element elementor-element-c381a7b elementor-widget elementor-widget-elementskit-heading\" data-id=\"c381a7b\" data-element_type=\"widget\" data-widget_type=\"elementskit-heading.default\">\n\t\t\t\t<div class=\"elementor-widget-container\">\n\t\t\t\t\t<div class=\"ekit-wid-con\" ><div class=\"ekit-heading elementskit-section-title-wraper text_left   ekit_heading_tablet-   ekit_heading_mobile-\"><h2 class=\"ekit-heading--title elementskit-section-title \">Tematyka <span><span>Kongresu<\/span><\/span><\/h2><\/div><\/div>\t\t\t\t<\/div>\n\t\t\t\t<\/div>\n\t\t\t\t<div class=\"elementor-element elementor-element-c56b8ab elementor-icon-list--layout-traditional elementor-list-item-link-full_width elementor-widget elementor-widget-icon-list\" data-id=\"c56b8ab\" data-element_type=\"widget\" data-widget_type=\"icon-list.default\">\n\t\t\t\t<div class=\"elementor-widget-container\">\n\t\t\t\t\t\t\t<ul class=\"elementor-icon-list-items\">\n\t\t\t\t\t\t\t<li class=\"elementor-icon-list-item\">\n\t\t\t\t\t\t\t\t\t\t\t<span class=\"elementor-icon-list-icon\">\n\t\t\t\t\t\t\t<i aria-hidden=\"true\" class=\"icon icon-checkmark-circle\"><\/i>\t\t\t\t\t\t<\/span>\n\t\t\t\t\t\t\t\t\t\t<span class=\"elementor-icon-list-text\">Kierunki sukcesji w firmach rodzinnych \u2013 sukcesja rodzinna czy sprzeda\u017c firmy?<\/span>\n\t\t\t\t\t\t\t\t\t<\/li>\n\t\t\t\t\t\t\t\t<li class=\"elementor-icon-list-item\">\n\t\t\t\t\t\t\t\t\t\t\t<span class=\"elementor-icon-list-icon\">\n\t\t\t\t\t\t\t<i aria-hidden=\"true\" class=\"icon icon-checkmark-circle\"><\/i>\t\t\t\t\t\t<\/span>\n\t\t\t\t\t\t\t\t\t\t<span class=\"elementor-icon-list-text\">Blaski i cienie firm rodzinnych - sukcesja w polskich firmach rodzinnych<\/span>\n\t\t\t\t\t\t\t\t\t<\/li>\n\t\t\t\t\t\t\t\t<li class=\"elementor-icon-list-item\">\n\t\t\t\t\t\t\t\t\t\t\t<span class=\"elementor-icon-list-icon\">\n\t\t\t\t\t\t\t<i aria-hidden=\"true\" class=\"icon icon-checkmark-circle\"><\/i>\t\t\t\t\t\t<\/span>\n\t\t\t\t\t\t\t\t\t\t<span class=\"elementor-icon-list-text\">Fundacje rodzinne \u2013 rozwi\u0105zanie sukcesyjne czy podatkowe?<\/span>\n\t\t\t\t\t\t\t\t\t<\/li>\n\t\t\t\t\t\t\t\t<li class=\"elementor-icon-list-item\">\n\t\t\t\t\t\t\t\t\t\t\t<span class=\"elementor-icon-list-icon\">\n\t\t\t\t\t\t\t<i aria-hidden=\"true\" class=\"icon icon-checkmark-circle\"><\/i>\t\t\t\t\t\t<\/span>\n\t\t\t\t\t\t\t\t\t\t<span class=\"elementor-icon-list-text\">Planowanie spadkowe w rodzinie i biznesie<\/span>\n\t\t\t\t\t\t\t\t\t<\/li>\n\t\t\t\t\t\t\t\t<li class=\"elementor-icon-list-item\">\n\t\t\t\t\t\t\t\t\t\t\t<span class=\"elementor-icon-list-icon\">\n\t\t\t\t\t\t\t<i aria-hidden=\"true\" class=\"icon icon-checkmark-circle\"><\/i>\t\t\t\t\t\t<\/span>\n\t\t\t\t\t\t\t\t\t\t<span class=\"elementor-icon-list-text\">Zarz\u0105d sukcesyjny - pomost czy ko\u0142o ratunkowe?<\/span>\n\t\t\t\t\t\t\t\t\t<\/li>\n\t\t\t\t\t\t\t\t<li class=\"elementor-icon-list-item\">\n\t\t\t\t\t\t\t\t\t\t\t<span class=\"elementor-icon-list-icon\">\n\t\t\t\t\t\t\t<i aria-hidden=\"true\" class=\"icon icon-checkmark-circle\"><\/i>\t\t\t\t\t\t<\/span>\n\t\t\t\t\t\t\t\t\t\t<span class=\"elementor-icon-list-text\">\u0141ad korporacyjny i \u0142ad rodzinny - firma w rodzinie czy rodzina w firmie?<\/span>\n\t\t\t\t\t\t\t\t\t<\/li>\n\t\t\t\t\t\t\t\t<li class=\"elementor-icon-list-item\">\n\t\t\t\t\t\t\t\t\t\t\t<span class=\"elementor-icon-list-icon\">\n\t\t\t\t\t\t\t<i aria-hidden=\"true\" class=\"icon icon-checkmark-circle\"><\/i>\t\t\t\t\t\t<\/span>\n\t\t\t\t\t\t\t\t\t\t<span class=\"elementor-icon-list-text\">Don Successore \u2013 wyzwania sukcesyjne na przyk\u0142adzie Rodziny Corleone<\/span>\n\t\t\t\t\t\t\t\t\t<\/li>\n\t\t\t\t\t\t\t\t<li class=\"elementor-icon-list-item\">\n\t\t\t\t\t\t\t\t\t\t\t<span class=\"elementor-icon-list-icon\">\n\t\t\t\t\t\t\t<i aria-hidden=\"true\" class=\"icon icon-checkmark-circle\"><\/i>\t\t\t\t\t\t<\/span>\n\t\t\t\t\t\t\t\t\t\t<span class=\"elementor-icon-list-text\">Sesje dla pawnik\u00f3w<\/span>\n\t\t\t\t\t\t\t\t\t<\/li>\n\t\t\t\t\t\t<\/ul>\n\t\t\t\t\t\t<\/div>\n\t\t\t\t<\/div>\n\t\t\t\t<\/div>\n\t\t\t\t\t<\/div>\n\t\t\t\t<\/div>\n\t\t<div class=\"elementor-element elementor-element-eb85f6a e-flex e-con-boxed e-con e-child\" data-id=\"eb85f6a\" data-element_type=\"container\">\n\t\t\t\t\t<div class=\"e-con-inner\">\n\t\t<div class=\"elementor-element elementor-element-d7d1120 e-con-full e-flex e-con e-child\" data-id=\"d7d1120\" data-element_type=\"container\">\n\t\t\t\t<div class=\"elementor-element elementor-element-0234c41 elementor-widget elementor-widget-elementskit-heading\" data-id=\"0234c41\" data-element_type=\"widget\" data-widget_type=\"elementskit-heading.default\">\n\t\t\t\t<div class=\"elementor-widget-container\">\n\t\t\t\t\t<div class=\"ekit-wid-con\" ><div class=\"ekit-heading elementskit-section-title-wraper text_left   ekit_heading_tablet-   ekit_heading_mobile-\"><h2 class=\"ekit-heading--title elementskit-section-title \">Wydarzenie <span><span>specjalne<\/span><\/span><\/h2>\t\t\t\t<div class='ekit-heading__description'>\n\t\t\t\t\t<p>Podczas Kongresu odb\u0119dzie si\u0119 r\u00f3wnie\u017c specjalne wydarzenie towarzysz\u0105ce Kongresowi, czyli posiedzenie Ma\u0142opolskiej Rady ds. Sukcesji i Transferu Biznesu przy Urz\u0119dzie Marsza\u0142kowskim Wojew\u00f3dztwa Ma\u0142opolskiego (dla cz\u0142onk\u00f3w Rady i zaproszonych go\u015bci).<\/p>\n\t\t\t\t<\/div>\n\t\t\t<\/div><\/div>\t\t\t\t<\/div>\n\t\t\t\t<\/div>\n\t\t\t\t<div class=\"elementor-element elementor-element-0b6c569 elementor-widget elementor-widget-elementskit-heading\" data-id=\"0b6c569\" data-element_type=\"widget\" data-widget_type=\"elementskit-heading.default\">\n\t\t\t\t<div class=\"elementor-widget-container\">\n\t\t\t\t\t<div class=\"ekit-wid-con\" ><div class=\"ekit-heading elementskit-section-title-wraper text_left   ekit_heading_tablet-   ekit_heading_mobile-\"><h2 class=\"ekit-heading--title elementskit-section-title \">Organizatorzy<\/h2>\t\t\t\t<div class='ekit-heading__description'>\n\t\t\t\t\t<p>II Kongres Przedsi\u0119biorstw Rodzinnych jest organizowany przez Centrum Przedsi\u0119biorstw Rodzinnych Uniwersytetu Ekonomicznego w Krakowie we wsp\u00f3\u0142pracy z Urz\u0119dem Marsza\u0142kowskim Wojew\u00f3dztwa Ma\u0142opolskiego w Krakowie oraz Ministerstwem Rozwoju i Technologii. Partnerami Kongresu s\u0105 wiod\u0105ce organizacje bran\u017cowe i eksperckie, zainteresowane wspieraniem firm rodzinnych w procesie planowania sukcesji.<\/p>\n\t\t\t\t<\/div>\n\t\t\t<\/div><\/div>\t\t\t\t<\/div>\n\t\t\t\t<\/div>\n\t\t\t\t<\/div>\n\t\t<div class=\"elementor-element elementor-element-8f10ead e-con-full e-flex e-con e-child\" data-id=\"8f10ead\" data-element_type=\"container\">\n\t\t\t\t<div class=\"elementor-element elementor-element-81093ed elementor-widget elementor-widget-image\" data-id=\"81093ed\" data-element_type=\"widget\" data-widget_type=\"image.default\">\n\t\t\t\t<div class=\"elementor-widget-container\">\n\t\t\t\t\t\t\t\t\t\t\t\t\t\t\t<img fetchpriority=\"high\" decoding=\"async\" width=\"720\" height=\"404\" src=\"https:\/\/cpr.uek.krakow.pl\/kongres2024\/wp-content\/uploads\/2024\/04\/osoby-biorace-udzial-w-wydarzeniu-o-wysokim-protokole1-1024x574.jpg\" class=\"attachment-large size-large wp-image-14\" alt=\"\" srcset=\"https:\/\/cpr.uek.krakow.pl\/kongres2024\/wp-content\/uploads\/2024\/04\/osoby-biorace-udzial-w-wydarzeniu-o-wysokim-protokole1-1024x574.jpg 1024w, https:\/\/cpr.uek.krakow.pl\/kongres2024\/wp-content\/uploads\/2024\/04\/osoby-biorace-udzial-w-wydarzeniu-o-wysokim-protokole1-600x336.jpg 600w, https:\/\/cpr.uek.krakow.pl\/kongres2024\/wp-content\/uploads\/2024\/04\/osoby-biorace-udzial-w-wydarzeniu-o-wysokim-protokole1-300x168.jpg 300w, https:\/\/cpr.uek.krakow.pl\/kongres2024\/wp-content\/uploads\/2024\/04\/osoby-biorace-udzial-w-wydarzeniu-o-wysokim-protokole1-768x430.jpg 768w, https:\/\/cpr.uek.krakow.pl\/kongres2024\/wp-content\/uploads\/2024\/04\/osoby-biorace-udzial-w-wydarzeniu-o-wysokim-protokole1.jpg 1456w\" sizes=\"(max-width: 720px) 100vw, 720px\" \/>\t\t\t\t\t\t\t\t\t\t\t\t\t\t\t<\/div>\n\t\t\t\t<\/div>\n\t\t\t\t<div class=\"elementor-element elementor-element-e390494 elementor-widget elementor-widget-elementskit-heading\" data-id=\"e390494\" data-element_type=\"widget\" data-widget_type=\"elementskit-heading.default\">\n\t\t\t\t<div class=\"elementor-widget-container\">\n\t\t\t\t\t<div class=\"ekit-wid-con\" ><div class=\"ekit-heading elementskit-section-title-wraper text_left   ekit_heading_tablet-   ekit_heading_mobile-\"><h2 class=\"ekit-heading--title elementskit-section-title \">Serdecznie <span><span>zapraszamy!<\/span><\/span><\/h2>\t\t\t\t<div class='ekit-heading__description'>\n\t\t\t\t\t<p>Kongres jest skierowany do \u015brodowiska przedsi\u0119biorc\u00f3w rodzinnych, w\u0142a\u015bcicieli firm rodzinnych i ich sukcesor\u00f3w, przedstawicieli organizacji przedsi\u0119biorc\u00f3w, przedstawicieli w\u0142adz samorz\u0105dowych, prawnik\u00f3w i naukowc\u00f3w zainteresowanych sukcesj\u0105 w firmach rodzinnych. Jest zatem kluczowym wydarzeniem dla wszystkich, kt\u00f3rzy wspieraj\u0105 rozw\u00f3j firm rodzinnych, zar\u00f3wno na poziomie regionalnym, jak i krajowym.<\/p>\n<h3>II Kongres Przedsi\u0119biorstw Rodzinnych jest wydarzeniem otwartym i\u00a0bezp\u0142atnym dla wszystkich zainteresowanych uczestnik\u00f3w.<\/h3>\n\t\t\t\t<\/div>\n\t\t\t<\/div><\/div>\t\t\t\t<\/div>\n\t\t\t\t<\/div>\n\t\t\t\t<\/div>\n\t\t\t\t\t<\/div>\n\t\t\t\t<\/div>\n\t\t\t\t\t<\/div>\n\t\t\t\t<\/div>\n\t\t\t\t<\/div>\n\t\t","protected":false},"excerpt":{"rendered":"<p>O Kongresie Cel Kongresu Celem Kongresu jest podj\u0119cie dyskusji na temat aktualnego stanu i perspektyw rozwoju firm rodzinnych ze szczeg\u00f3lnym uwzgl\u0119dnieniem kluczowych wyzwa\u0144 zwi\u0105zanych z planowaniem sukcesji. Kongres Przedsi\u0119biorstw Rodzinnych stanowi nie tylko platform\u0119 do wymiany do\u015bwiadcze\u0144 i wiedzy na temat obecnego stanu oraz przysz\u0142o\u015bci firm rodzinnych, lecz tak\u017ce umo\u017cliwia uczestnikom lepsze zrozumienie trend\u00f3w rynkowych, co jest kluczowe dla d\u0142ugoterminowego [&hellip;]<\/p>\n","protected":false},"author":1,"featured_media":0,"parent":0,"menu_order":0,"comment_status":"closed","ping_status":"closed","template":"elementor_header_footer","meta":{"inline_featured_image":false,"footnotes":""},"class_list":["post-88","page","type-page","status-publish","hentry"],"_links":{"self":[{"href":"https:\/\/cpr.uek.krakow.pl\/kongres2024\/wp-json\/wp\/v2\/pages\/88","targetHints":{"allow":["GET"]}}],"collection":[{"href":"https:\/\/cpr.uek.krakow.pl\/kongres2024\/wp-json\/wp\/v2\/pages"}],"about":[{"href":"https:\/\/cpr.uek.krakow.pl\/kongres2024\/wp-json\/wp\/v2\/types\/page"}],"author":[{"embeddable":true,"href":"https:\/\/cpr.uek.krakow.pl\/kongres2024\/wp-json\/wp\/v2\/users\/1"}],"replies":[{"embeddable":true,"href":"https:\/\/cpr.uek.krakow.pl\/kongres2024\/wp-json\/wp\/v2\/comments?post=88"}],"version-history":[{"count":17,"href":"https:\/\/cpr.uek.krakow.pl\/kongres2024\/wp-json\/wp\/v2\/pages\/88\/revisions"}],"predecessor-version":[{"id":957,"href":"https:\/\/cpr.uek.krakow.pl\/kongres2024\/wp-json\/wp\/v2\/pages\/88\/revisions\/957"}],"wp:attachment":[{"href":"https:\/\/cpr.uek.krakow.pl\/kongres2024\/wp-json\/wp\/v2\/media?parent=88"}],"curies":[{"name":"wp","href":"https:\/\/api.w.org\/{rel}","templated":true}]}}